{"id":808,"date":"2025-09-09T10:42:06","date_gmt":"2025-09-09T13:42:06","guid":{"rendered":"https:\/\/neuracapitalinvestment.com\/?page_id=808"},"modified":"2025-09-09T10:49:11","modified_gmt":"2025-09-09T13:49:11","slug":"publicaciones-listado","status":"publish","type":"page","link":"https:\/\/neuracapitalinvestment.com\/index.php\/publicaciones-listado\/","title":{"rendered":"Publicaciones listado"},"content":{"rendered":"<div  class=\"ultp-post-grid-block wp-block-ultimate-post-post-list-3 ultp-block-b3736e\"><div class=\"ultp-block-wrapper\"><div class=\"ultp-loading\"><div class=\"ultp-loading-blocks\" style=\"width:100%;height:100%;\"><div style=\"left: 0;top: 0;animation-delay:0s;\"><\/div><div style=\"left: 21px;top: 0;animation-delay:0.125s;\"><\/div><div style=\"left: 42px;top: 0;animation-delay:0.25s;\"><\/div><div style=\"left: 0;top: 21px;animation-delay:0.875s;\"><\/div><div style=\"left: 42px;top: 21px;animation-delay:0.375s;\"><\/div><div style=\"left: 0;top: 42px;animation-delay:0.75s;\"><\/div><div style=\"left: 42px;top: 42px;animation-delay:0.625s;\"><\/div><div style=\"left: 21px;top: 42px;animation-delay:0.5s;\"><\/div><\/div><\/div><div class=\"ultp-block-items-wrap ultp-block-row ultp-block-column-1 ultp-block-content-middle ultp-layout1\"><div class=\"ultp-block-item ultp-block-media post-id-781\"><div class=\"ultp-block-content-wrap\"><div class=\"ultp-block-image ultp-block-image-opacity\"><a href=\"https:\/\/neuracapitalinvestment.com\/index.php\/2025\/09\/07\/nota-5\/\" ><img decoding=\"async\"  alt=\"Tendencias de inversi\u00f3n Globales\"  src=\"https:\/\/i0.wp.com\/neuracapitalinvestment.com\/wp-content\/uploads\/2025\/09\/Nota-5.jpg?resize=429%2C200&#038;ssl=1\" \/><\/a><\/div><div class=\"ultp-block-content\"><h3 class=\"ultp-block-title \"><a href=\"https:\/\/neuracapitalinvestment.com\/index.php\/2025\/09\/07\/nota-5\/\" >Tendencias de inversi\u00f3n Globales<\/a><\/h3><div class=\"ultp-block-meta ultp-block-meta-dot ultp-block-meta-icon\"><span class=\"ultp-block-date ultp-block-meta-element\"><svg xmlns=\"http:\/\/www.w3.org\/2000\/svg\" fill=\"none\" viewBox=\"0 0 24 24\">\n  <path stroke=\"currentColor\" stroke-linecap=\"round\" stroke-linejoin=\"round\" stroke-width=\"1.5\" d=\"M3 5.5a2 2 0 0 1 2-2h14a2 2 0 0 1 2 2v14a2 2 0 0 1-2 2H5a2 2 0 0 1-2-2v-14ZM8 2v3m8-3v3M3 9h18\"\/>\n<\/svg>\nSep 7, 2025<\/span><\/div><div class=\"ultp-block-excerpt\"><p>Introducci\u00f3nEl mundo de las inversiones est\u00e1 atravesando un cambio profundo. Los shocks econ\u00f3micos, las tensiones [&hellip;]<\/p>\n<\/div><\/div><\/div><\/div><div class=\"ultp-block-item ultp-block-media post-id-778\"><div class=\"ultp-block-content-wrap\"><div class=\"ultp-block-image ultp-block-image-opacity\"><a href=\"https:\/\/neuracapitalinvestment.com\/index.php\/2025\/09\/01\/lnota-4\/\" ><img decoding=\"async\"  alt=\"La nueva generaci\u00f3n de Family Offices: transformando el futuro de la inversi\u00f3n\"  src=\"https:\/\/i0.wp.com\/neuracapitalinvestment.com\/wp-content\/uploads\/2025\/09\/Gen-Z-traspaso.png?resize=600%2C600&#038;ssl=1\" \/><\/a><\/div><div class=\"ultp-block-content\"><h3 class=\"ultp-block-title \"><a href=\"https:\/\/neuracapitalinvestment.com\/index.php\/2025\/09\/01\/lnota-4\/\" >La nueva generaci\u00f3n de Family Offices: transformando el futuro de la inversi\u00f3n<\/a><\/h3><div class=\"ultp-block-meta ultp-block-meta-dot ultp-block-meta-icon\"><span class=\"ultp-block-date ultp-block-meta-element\"><svg xmlns=\"http:\/\/www.w3.org\/2000\/svg\" fill=\"none\" viewBox=\"0 0 24 24\">\n  <path stroke=\"currentColor\" stroke-linecap=\"round\" stroke-linejoin=\"round\" stroke-width=\"1.5\" d=\"M3 5.5a2 2 0 0 1 2-2h14a2 2 0 0 1 2 2v14a2 2 0 0 1-2 2H5a2 2 0 0 1-2-2v-14ZM8 2v3m8-3v3M3 9h18\"\/>\n<\/svg>\nSep 1, 2025<\/span><\/div><div class=\"ultp-block-excerpt\"><p>Un cambio generacional en la gesti\u00f3n patrimonial Hist\u00f3ricamente, los family offices se han concebido para [&hellip;]<\/p>\n<\/div><\/div><\/div><\/div><div class=\"ultp-block-item ultp-block-media post-id-516\"><div class=\"ultp-block-content-wrap\"><div class=\"ultp-block-image ultp-block-image-opacity\"><a href=\"https:\/\/neuracapitalinvestment.com\/index.php\/2025\/06\/21\/nota-3\/\" ><img decoding=\"async\"  alt=\"La importancia de los veh\u00edculos de inversi\u00f3n personalizados en un mundo financiero cambiante\"  src=\"https:\/\/i0.wp.com\/neuracapitalinvestment.com\/wp-content\/uploads\/2025\/06\/Nota-1-scaled.jpg?resize=600%2C600&#038;ssl=1\" \/><\/a><\/div><div class=\"ultp-block-content\"><h3 class=\"ultp-block-title \"><a href=\"https:\/\/neuracapitalinvestment.com\/index.php\/2025\/06\/21\/nota-3\/\" >La importancia de los veh\u00edculos de inversi\u00f3n personalizados en un mundo financiero cambiante<\/a><\/h3><div class=\"ultp-block-meta ultp-block-meta-dot ultp-block-meta-icon\"><span class=\"ultp-block-date ultp-block-meta-element\"><svg xmlns=\"http:\/\/www.w3.org\/2000\/svg\" fill=\"none\" viewBox=\"0 0 24 24\">\n  <path stroke=\"currentColor\" stroke-linecap=\"round\" stroke-linejoin=\"round\" stroke-width=\"1.5\" d=\"M3 5.5a2 2 0 0 1 2-2h14a2 2 0 0 1 2 2v14a2 2 0 0 1-2 2H5a2 2 0 0 1-2-2v-14ZM8 2v3m8-3v3M3 9h18\"\/>\n<\/svg>\nJun 21, 2025<\/span><\/div><div class=\"ultp-block-excerpt\"><p>Introducci\u00f3n En la \u00faltima d\u00e9cada, los mercados financieros han atravesado transformaciones profundas: tasas de inter\u00e9s [&hellip;]<\/p>\n<\/div><\/div><\/div><\/div><div class=\"ultp-block-item ultp-block-media post-id-514\"><div class=\"ultp-block-content-wrap\"><div class=\"ultp-block-image ultp-block-image-opacity\"><a href=\"https:\/\/neuracapitalinvestment.com\/index.php\/2025\/06\/21\/nota-2\/\" ><img decoding=\"async\"  alt=\"Diferimiento fiscal como estrategia de preservaci\u00f3n patrimonial\"  src=\"https:\/\/i0.wp.com\/neuracapitalinvestment.com\/wp-content\/uploads\/2025\/06\/Nota-2-scaled.jpg?resize=600%2C600&#038;ssl=1\" \/><\/a><\/div><div class=\"ultp-block-content\"><h3 class=\"ultp-block-title \"><a href=\"https:\/\/neuracapitalinvestment.com\/index.php\/2025\/06\/21\/nota-2\/\" >Diferimiento fiscal como estrategia de preservaci\u00f3n patrimonial<\/a><\/h3><div class=\"ultp-block-meta ultp-block-meta-dot ultp-block-meta-icon\"><span class=\"ultp-block-date ultp-block-meta-element\"><svg xmlns=\"http:\/\/www.w3.org\/2000\/svg\" fill=\"none\" viewBox=\"0 0 24 24\">\n  <path stroke=\"currentColor\" stroke-linecap=\"round\" stroke-linejoin=\"round\" stroke-width=\"1.5\" d=\"M3 5.5a2 2 0 0 1 2-2h14a2 2 0 0 1 2 2v14a2 2 0 0 1-2 2H5a2 2 0 0 1-2-2v-14ZM8 2v3m8-3v3M3 9h18\"\/>\n<\/svg>\nJun 21, 2025<\/span><\/div><div class=\"ultp-block-excerpt\"><p>La rentabilidad de una inversi\u00f3n no depende solo de la evoluci\u00f3n de los mercados, sino [&hellip;]<\/p>\n<\/div><\/div><\/div><\/div><div class=\"ultp-block-item ultp-block-media post-id-512\"><div class=\"ultp-block-content-wrap\"><div class=\"ultp-block-image ultp-block-image-opacity\"><a href=\"https:\/\/neuracapitalinvestment.com\/index.php\/2025\/06\/21\/nota-1\/\" ><img decoding=\"async\"  alt=\"Adaptabilidad: la clave de una estrategia de inversi\u00f3n sostenible\"  src=\"https:\/\/i0.wp.com\/neuracapitalinvestment.com\/wp-content\/uploads\/2025\/06\/Nota-3-scaled.jpg?resize=600%2C600&#038;ssl=1\" \/><\/a><\/div><div class=\"ultp-block-content\"><h3 class=\"ultp-block-title \"><a href=\"https:\/\/neuracapitalinvestment.com\/index.php\/2025\/06\/21\/nota-1\/\" >Adaptabilidad: la clave de una estrategia de inversi\u00f3n sostenible<\/a><\/h3><div class=\"ultp-block-meta ultp-block-meta-dot ultp-block-meta-icon\"><span class=\"ultp-block-date ultp-block-meta-element\"><svg xmlns=\"http:\/\/www.w3.org\/2000\/svg\" fill=\"none\" viewBox=\"0 0 24 24\">\n  <path stroke=\"currentColor\" stroke-linecap=\"round\" stroke-linejoin=\"round\" stroke-width=\"1.5\" d=\"M3 5.5a2 2 0 0 1 2-2h14a2 2 0 0 1 2 2v14a2 2 0 0 1-2 2H5a2 2 0 0 1-2-2v-14ZM8 2v3m8-3v3M3 9h18\"\/>\n<\/svg>\nJun 21, 2025<\/span><\/div><div class=\"ultp-block-excerpt\"><p>La experiencia reciente lo confirma: crisis sanitarias, conflictos geopol\u00edticos y disrupciones tecnol\u00f3gicas han alterado el [&hellip;]<\/p>\n<\/div><\/div><\/div><\/div><\/div><\/div><div class=\"pagination-block-html\" aria-hidden=\"true\" style=\"display: none;\"><\/div><\/div>","protected":false},"excerpt":{"rendered":"","protected":false},"author":1,"featured_media":0,"parent":0,"menu_order":0,"comment_status":"closed","ping_status":"closed","template":"","meta":{"jetpack_post_was_ever_published":false,"footnotes":""},"class_list":["post-808","page","type-page","status-publish","hentry"],"_links":{"self":[{"href":"https:\/\/neuracapitalinvestment.com\/index.php\/wp-json\/wp\/v2\/pages\/808","targetHints":{"allow":["GET"]}}],"collection":[{"href":"https:\/\/neuracapitalinvestment.com\/index.php\/wp-json\/wp\/v2\/pages"}],"about":[{"href":"https:\/\/neuracapitalinvestment.com\/index.php\/wp-json\/wp\/v2\/types\/page"}],"author":[{"embeddable":true,"href":"https:\/\/neuracapitalinvestment.com\/index.php\/wp-json\/wp\/v2\/users\/1"}],"replies":[{"embeddable":true,"href":"https:\/\/neuracapitalinvestment.com\/index.php\/wp-json\/wp\/v2\/comments?post=808"}],"version-history":[{"count":5,"href":"https:\/\/neuracapitalinvestment.com\/index.php\/wp-json\/wp\/v2\/pages\/808\/revisions"}],"predecessor-version":[{"id":814,"href":"https:\/\/neuracapitalinvestment.com\/index.php\/wp-json\/wp\/v2\/pages\/808\/revisions\/814"}],"wp:attachment":[{"href":"https:\/\/neuracapitalinvestment.com\/index.php\/wp-json\/wp\/v2\/media?parent=808"}],"curies":[{"name":"wp","href":"https:\/\/api.w.org\/{rel}","templated":true}]}}