{"id":485,"date":"2023-11-26T20:11:38","date_gmt":"2023-11-26T19:11:38","guid":{"rendered":"https:\/\/neuracapitalinvestment.com\/?page_id=485"},"modified":"2025-08-17T15:05:39","modified_gmt":"2025-08-17T18:05:39","slug":"servicios","status":"publish","type":"page","link":"https:\/\/neuracapitalinvestment.com\/index.php\/servicios\/","title":{"rendered":"Servicios"},"content":{"rendered":"\n<div class=\"wp-block-group alignfull has-background-background-color has-background is-layout-constrained wp-container-core-group-is-layout-2eb0a6be wp-block-group-is-layout-constrained\" style=\"padding-top:var(--wp--preset--spacing--50);padding-right:var(--wp--preset--spacing--40);padding-bottom:var(--wp--preset--spacing--50);padding-left:var(--wp--preset--spacing--40)\">\n<div class=\"wp-block-group alignwide is-content-justification-space-between is-layout-flex wp-container-core-group-is-layout-e035c2ac wp-block-group-is-layout-flex\" style=\"padding-bottom:var(--wp--preset--spacing--40)\">\n<div class=\"wp-block-group is-layout-constrained wp-container-core-group-is-layout-8954d076 wp-block-group-is-layout-constrained\" style=\"margin-bottom:var(--wp--preset--spacing--20)\">\n<h2 class=\"wp-block-heading has-text-align-left has-large-font-size\" style=\"font-style:normal;font-weight:600;line-height:1.43;text-transform:capitalize\">Nuestro enfoque<\/h2>\n<\/div>\n\n\n\n<div class=\"wp-block-group is-layout-constrained wp-container-core-group-is-layout-279e0ccb wp-block-group-is-layout-constrained\">\n<p>En Neura Capital Investment ofrecemos un servicio integral de estructuraci\u00f3n y gesti\u00f3n patrimonial, dise\u00f1ado para inversores que buscan soluciones a medida. Acompa\u00f1amos todo el proceso: desde la definici\u00f3n de objetivos y la selecci\u00f3n de activos, hasta el dise\u00f1o del veh\u00edculo, su monitoreo continuo y la planificaci\u00f3n sucesoria. Cada decisi\u00f3n se toma en funci\u00f3n del perfil del cliente, su horizonte temporal y sus necesidades espec\u00edficas.<\/p>\n<\/div>\n\n\n\n<div class=\"wp-block-group alignwide is-content-justification-center is-nowrap is-layout-flex wp-container-core-group-is-layout-0d4f9366 wp-block-group-is-layout-flex\" style=\"padding-top:0px;padding-right:0px;padding-bottom:0px;padding-left:0px\"><\/div>\n<\/div>\n\n\n\n<div class=\"wp-block-group alignwide is-layout-constrained wp-container-core-group-is-layout-358fffd0 wp-block-group-is-layout-constrained\" style=\"padding-top:0;padding-bottom:var(--wp--preset--spacing--30);padding-left:0\">\n<div class=\"wp-block-columns is-layout-flex wp-container-core-columns-is-layout-28f84493 wp-block-columns-is-layout-flex\">\n<div class=\"wp-block-column is-layout-flow wp-block-column-is-layout-flow\" style=\"flex-basis:100%\"><h3 class=\"has-text-align-center wp-block-post-title\">Servicios<\/h3>\n\n\n<p><\/p>\n<\/div>\n<\/div>\n\n\n\n<div class=\"wp-block-media-text alignwide is-stacked-on-mobile is-vertically-aligned-center\" style=\"grid-template-columns:44% auto\"><figure class=\"wp-block-media-text__media\"><img data-recalc-dims=\"1\" loading=\"lazy\" decoding=\"async\" width=\"768\" height=\"1024\" data-attachment-id=\"716\" data-permalink=\"https:\/\/neuracapitalinvestment.com\/index.php\/servicios\/servicios-2\/\" data-orig-file=\"https:\/\/i0.wp.com\/neuracapitalinvestment.com\/wp-content\/uploads\/2025\/08\/Servicios-scaled.jpg?fit=1919%2C2560&amp;ssl=1\" data-orig-size=\"1919,2560\" data-comments-opened=\"1\" data-image-meta=\"{&quot;aperture&quot;:&quot;0&quot;,&quot;credit&quot;:&quot;&quot;,&quot;camera&quot;:&quot;&quot;,&quot;caption&quot;:&quot;&quot;,&quot;created_timestamp&quot;:&quot;0&quot;,&quot;copyright&quot;:&quot;&quot;,&quot;focal_length&quot;:&quot;0&quot;,&quot;iso&quot;:&quot;0&quot;,&quot;shutter_speed&quot;:&quot;0&quot;,&quot;title&quot;:&quot;&quot;,&quot;orientation&quot;:&quot;0&quot;}\" data-image-title=\"Servicios\" data-image-description=\"\" data-image-caption=\"\" data-medium-file=\"https:\/\/i0.wp.com\/neuracapitalinvestment.com\/wp-content\/uploads\/2025\/08\/Servicios-scaled.jpg?fit=225%2C300&amp;ssl=1\" data-large-file=\"https:\/\/i0.wp.com\/neuracapitalinvestment.com\/wp-content\/uploads\/2025\/08\/Servicios-scaled.jpg?fit=768%2C1024&amp;ssl=1\" src=\"https:\/\/i0.wp.com\/neuracapitalinvestment.com\/wp-content\/uploads\/2025\/08\/Servicios.jpg?resize=768%2C1024&#038;ssl=1\" alt=\"\" class=\"wp-image-716 size-full\" srcset=\"https:\/\/i0.wp.com\/neuracapitalinvestment.com\/wp-content\/uploads\/2025\/08\/Servicios-scaled.jpg?resize=768%2C1025&amp;ssl=1 768w, https:\/\/i0.wp.com\/neuracapitalinvestment.com\/wp-content\/uploads\/2025\/08\/Servicios-scaled.jpg?resize=225%2C300&amp;ssl=1 225w, https:\/\/i0.wp.com\/neuracapitalinvestment.com\/wp-content\/uploads\/2025\/08\/Servicios-scaled.jpg?resize=1151%2C1536&amp;ssl=1 1151w, https:\/\/i0.wp.com\/neuracapitalinvestment.com\/wp-content\/uploads\/2025\/08\/Servicios-scaled.jpg?resize=1535%2C2048&amp;ssl=1 1535w, https:\/\/i0.wp.com\/neuracapitalinvestment.com\/wp-content\/uploads\/2025\/08\/Servicios-scaled.jpg?w=1919&amp;ssl=1 1919w\" sizes=\"auto, (max-width: 768px) 100vw, 768px\" \/><\/figure><div class=\"wp-block-media-text__content\">\n<p><\/p>\n\n\n\n<p><strong>Asesoramiento en selecci\u00f3n de activos<\/strong><br>Evaluamos alternativas en funci\u00f3n del perfil de riesgo, tipo de activo, horizonte temporal y necesidades de liquidez.<\/p>\n\n\n\n<p><strong>Dise\u00f1o de veh\u00edculos de inversi\u00f3n a medida<\/strong><br>Estructuramos veh\u00edculos exclusivos, adaptados a las metas, preferencias y condiciones espec\u00edficas de cada inversor.<\/p>\n\n\n\n<p><strong>Rebalanceo estrat\u00e9gico de portafolio<\/strong><br>Ajustamos la composici\u00f3n del veh\u00edculo seg\u00fan cambios en el mercado y en los objetivos del cliente.<\/p>\n\n\n\n<p><strong>Reporting mensual de performance<\/strong><br>Informes claros, detallados y regulares sobre el desempe\u00f1o y evoluci\u00f3n del veh\u00edculo de inversi\u00f3n.<\/p>\n\n\n\n<p><strong>Implementaci\u00f3n de estructuras sucesorias<\/strong><br>Asistencia en la planificaci\u00f3n y creaci\u00f3n de estructuras que aseguren una transici\u00f3n patrimonial eficiente y segura.<\/p>\n\n\n\n<p><strong>Acceso a oportunidades exclusivas de inversi\u00f3n<\/strong><br>Identificaci\u00f3n e implementaci\u00f3n de inversiones no tradicionales o de dif\u00edcil acceso, seg\u00fan los intereses del cliente.<\/p>\n<\/div><\/div>\n<\/div>\n<\/div>\n","protected":false},"excerpt":{"rendered":"<p>Nuestro enfoque En Neura Capital Investment ofrecemos un servicio integral de estructuraci\u00f3n y gesti\u00f3n patrimonial, [&hellip;]<\/p>\n","protected":false},"author":1,"featured_media":0,"parent":0,"menu_order":0,"comment_status":"closed","ping_status":"closed","template":"","meta":{"jetpack_post_was_ever_published":false,"footnotes":""},"class_list":["post-485","page","type-page","status-publish","hentry"],"_links":{"self":[{"href":"https:\/\/neuracapitalinvestment.com\/index.php\/wp-json\/wp\/v2\/pages\/485","targetHints":{"allow":["GET"]}}],"collection":[{"href":"https:\/\/neuracapitalinvestment.com\/index.php\/wp-json\/wp\/v2\/pages"}],"about":[{"href":"https:\/\/neuracapitalinvestment.com\/index.php\/wp-json\/wp\/v2\/types\/page"}],"author":[{"embeddable":true,"href":"https:\/\/neuracapitalinvestment.com\/index.php\/wp-json\/wp\/v2\/users\/1"}],"replies":[{"embeddable":true,"href":"https:\/\/neuracapitalinvestment.com\/index.php\/wp-json\/wp\/v2\/comments?post=485"}],"version-history":[{"count":13,"href":"https:\/\/neuracapitalinvestment.com\/index.php\/wp-json\/wp\/v2\/pages\/485\/revisions"}],"predecessor-version":[{"id":755,"href":"https:\/\/neuracapitalinvestment.com\/index.php\/wp-json\/wp\/v2\/pages\/485\/revisions\/755"}],"wp:attachment":[{"href":"https:\/\/neuracapitalinvestment.com\/index.php\/wp-json\/wp\/v2\/media?parent=485"}],"curies":[{"name":"wp","href":"https:\/\/api.w.org\/{rel}","templated":true}]}}